{"id":174,"date":"2021-07-16T10:00:49","date_gmt":"2021-07-16T10:00:49","guid":{"rendered":"https:\/\/bridge470.qodeinteractive.com\/?page_id=174"},"modified":"2022-11-04T14:38:29","modified_gmt":"2022-11-04T17:38:29","slug":"quem-somos","status":"publish","type":"page","link":"https:\/\/eduforme.com.br\/site\/quem-somos\/","title":{"rendered":"Quem Somos"},"content":{"rendered":"\t\t<div data-elementor-type=\"wp-page\" data-elementor-id=\"174\" class=\"elementor elementor-174\">\n\t\t\t\t\t\t\t\t\t<section class=\"elementor-section elementor-top-section elementor-element elementor-element-20765bc elementor-section-full_width elementor-section-height-default elementor-section-height-default parallax_section_no qode_elementor_container_no\" data-id=\"20765bc\" data-element_type=\"section\" data-settings=\"{&quot;background_background&quot;:&quot;classic&quot;}\">\n\t\t\t\t\t\t<div class=\"elementor-container elementor-column-gap-default\">\n\t\t\t\t\t<div class=\"elementor-column elementor-col-100 elementor-top-column elementor-element elementor-element-1cb8ee9\" data-id=\"1cb8ee9\" data-element_type=\"column\">\n\t\t\t<div class=\"elementor-widget-wrap elementor-element-populated\">\n\t\t\t\t\t\t\t\t<section class=\"elementor-section elementor-inner-section elementor-element elementor-element-51c4ced elementor-section-full_width qode_elementor_container_inner elementor-section-height-default elementor-section-height-default parallax_section_no\" data-id=\"51c4ced\" data-element_type=\"section\">\n\t\t\t\t\t\t<div class=\"elementor-container elementor-column-gap-default\">\n\t\t\t\t\t<div class=\"elementor-column elementor-col-50 elementor-inner-column elementor-element elementor-element-06109a9\" data-id=\"06109a9\" data-element_type=\"column\">\n\t\t\t<div class=\"elementor-widget-wrap elementor-element-populated\">\n\t\t\t\t\t\t\t\t<div class=\"elementor-element elementor-element-0cc73cb elementor-widget__width-initial elementor-widget elementor-widget-qi_addons_for_elementor_highlight\" data-id=\"0cc73cb\" data-element_type=\"widget\" data-widget_type=\"qi_addons_for_elementor_highlight.default\">\n\t\t\t\t<div class=\"elementor-widget-container\">\n\t\t\t<h2 class=\"qodef-shortcode qodef-m  qodef-qi-highlight  qodef-highlight-style--color\" >\n\t<span class=\"qodef-highlight-text\" style=\"background-image: linear-gradient(to bottom, transparent 59%, #DA251D 59%, #DA251D 94%, transparent 94%)\">A EduForme<\/span><\/h2>\n\t\t<\/div>\n\t\t\t\t<\/div>\n\t\t\t\t<div class=\"elementor-element elementor-element-d4bcc9b elementor-widget elementor-widget-spacer\" data-id=\"d4bcc9b\" data-element_type=\"widget\" data-widget_type=\"spacer.default\">\n\t\t\t\t<div class=\"elementor-widget-container\">\n\t\t\t<style>\/*! elementor - v3.7.8 - 02-10-2022 *\/\n.elementor-column .elementor-spacer-inner{height:var(--spacer-size)}.e-container{--container-widget-width:100%}.e-container>.elementor-widget-spacer{width:var(--container-widget-width,var(--spacer-size));-ms-flex-item-align:stretch;align-self:stretch;-ms-flex-negative:0;flex-shrink:0}.e-container>.elementor-widget-spacer>.elementor-widget-container,.e-container>.elementor-widget-spacer>.elementor-widget-container>.elementor-spacer{height:100%}.e-container>.elementor-widget-spacer>.elementor-widget-container>.elementor-spacer>.elementor-spacer-inner{height:var(--container-widget-height,var(--spacer-size))}<\/style>\t\t<div class=\"elementor-spacer\">\n\t\t\t<div class=\"elementor-spacer-inner\"><\/div>\n\t\t<\/div>\n\t\t\t\t<\/div>\n\t\t\t\t<\/div>\n\t\t\t\t<div class=\"elementor-element elementor-element-720fe95 elementor-widget__width-initial elementor-widget elementor-widget-text-editor\" data-id=\"720fe95\" data-element_type=\"widget\" data-widget_type=\"text-editor.default\">\n\t\t\t\t<div class=\"elementor-widget-container\">\n\t\t\t<style>\/*! elementor - v3.7.8 - 02-10-2022 *\/\n.elementor-widget-text-editor.elementor-drop-cap-view-stacked .elementor-drop-cap{background-color:#818a91;color:#fff}.elementor-widget-text-editor.elementor-drop-cap-view-framed .elementor-drop-cap{color:#818a91;border:3px solid;background-color:transparent}.elementor-widget-text-editor:not(.elementor-drop-cap-view-default) .elementor-drop-cap{margin-top:8px}.elementor-widget-text-editor:not(.elementor-drop-cap-view-default) .elementor-drop-cap-letter{width:1em;height:1em}.elementor-widget-text-editor .elementor-drop-cap{float:left;text-align:center;line-height:1;font-size:50px}.elementor-widget-text-editor .elementor-drop-cap-letter{display:inline-block}<\/style>\t\t\t\t<h4>Completamos 34 anos no mercado t\u00eaxtil buscando oferecer as melhores solu\u00e7\u00f5es em uniformes profissionais.<\/h4><div><br><\/div>\n<p><\/p>\n<h4><strong>A empresa oferece Excel\u00eancia de Servi\u00e7os como:<\/strong><br>\u2022 Comercializa\u00e7\u00e3o de Uniformes Profissionais;<br>\u2022 Comercializa\u00e7\u00e3o de toda linha de camisetas e blusas;<br>\u2022 Administra\u00e7\u00e3o de estoque de uniformes;<br>\u2022 Estoques consignados de uniformes;<br>\u2022 Destina\u00e7\u00e3o de uniformes usados;<br>\u2022 Desenvolvimento de novos modelos;<br>\u2022 Uniformes t\u00e9cnicos (NR-10, cabine de pintura, capas para rob\u00f4).<\/h4>\t\t\t\t\t\t<\/div>\n\t\t\t\t<\/div>\n\t\t\t\t<div class=\"elementor-element elementor-element-14e5ff6 elementor-widget elementor-widget-spacer\" data-id=\"14e5ff6\" data-element_type=\"widget\" data-widget_type=\"spacer.default\">\n\t\t\t\t<div class=\"elementor-widget-container\">\n\t\t\t\t\t<div class=\"elementor-spacer\">\n\t\t\t<div class=\"elementor-spacer-inner\"><\/div>\n\t\t<\/div>\n\t\t\t\t<\/div>\n\t\t\t\t<\/div>\n\t\t\t\t\t<\/div>\n\t\t<\/div>\n\t\t\t\t<div class=\"elementor-column elementor-col-50 elementor-inner-column elementor-element elementor-element-025ab4c\" data-id=\"025ab4c\" data-element_type=\"column\">\n\t\t\t<div class=\"elementor-widget-wrap elementor-element-populated\">\n\t\t\t\t\t\t\t\t<div class=\"elementor-element elementor-element-d40a656 elementor-widget elementor-widget-image\" data-id=\"d40a656\" data-element_type=\"widget\" data-widget_type=\"image.default\">\n\t\t\t\t<div class=\"elementor-widget-container\">\n\t\t\t<style>\/*! elementor - v3.7.8 - 02-10-2022 *\/\n.elementor-widget-image{text-align:center}.elementor-widget-image a{display:inline-block}.elementor-widget-image a img[src$=\".svg\"]{width:48px}.elementor-widget-image img{vertical-align:middle;display:inline-block}<\/style>\t\t\t\t\t\t\t\t\t\t\t\t<img loading=\"lazy\" decoding=\"async\" width=\"650\" height=\"436\" src=\"https:\/\/eduforme.com.br\/site\/wp-content\/uploads\/2022\/11\/imagem-02.png\" class=\"attachment-large size-large\" alt=\"\" srcset=\"https:\/\/eduforme.com.br\/site\/wp-content\/uploads\/2022\/11\/imagem-02.png 650w, https:\/\/eduforme.com.br\/site\/wp-content\/uploads\/2022\/11\/imagem-02-300x201.png 300w\" sizes=\"auto, (max-width: 650px) 100vw, 650px\" \/>\t\t\t\t\t\t\t\t\t\t\t\t\t\t\t<\/div>\n\t\t\t\t<\/div>\n\t\t\t\t\t<\/div>\n\t\t<\/div>\n\t\t\t\t\t\t\t<\/div>\n\t\t<\/section>\n\t\t\t\t\t<\/div>\n\t\t<\/div>\n\t\t\t\t\t\t\t<\/div>\n\t\t<\/section>\n\t\t\t\t<section class=\"elementor-section elementor-top-section elementor-element elementor-element-b995248 elementor-section-full_width elementor-section-height-default elementor-section-height-default parallax_section_no qode_elementor_container_no\" data-id=\"b995248\" data-element_type=\"section\">\n\t\t\t\t\t\t<div class=\"elementor-container elementor-column-gap-default\">\n\t\t\t\t\t<div class=\"elementor-column elementor-col-100 elementor-top-column elementor-element elementor-element-a75e69f\" data-id=\"a75e69f\" data-element_type=\"column\">\n\t\t\t<div class=\"elementor-widget-wrap elementor-element-populated\">\n\t\t\t\t\t\t\t\t<section class=\"elementor-section elementor-inner-section elementor-element elementor-element-33c45a9 qode_elementor_container_inner elementor-section-full_width elementor-section-height-default elementor-section-height-default parallax_section_no\" data-id=\"33c45a9\" data-element_type=\"section\">\n\t\t\t\t\t\t<div class=\"elementor-container elementor-column-gap-default\">\n\t\t\t\t\t<div class=\"elementor-column elementor-col-33 elementor-inner-column elementor-element elementor-element-16dba39\" data-id=\"16dba39\" data-element_type=\"column\">\n\t\t\t<div class=\"elementor-widget-wrap elementor-element-populated\">\n\t\t\t\t\t\t\t\t<div class=\"elementor-element elementor-element-6c0f629 elementor-widget elementor-widget-image\" data-id=\"6c0f629\" data-element_type=\"widget\" data-widget_type=\"image.default\">\n\t\t\t\t<div class=\"elementor-widget-container\">\n\t\t\t\t\t\t\t\t\t\t\t\t\t\t\t<img decoding=\"async\" src=\"https:\/\/eduforme.com.br\/site\/wp-content\/uploads\/elementor\/thumbs\/imagem-03-px84082ts2llae70fneaq85llwq4kv79rosa6xysxs.png\" title=\"imagem-03\" alt=\"imagem-03\" \/>\t\t\t\t\t\t\t\t\t\t\t\t\t\t\t<\/div>\n\t\t\t\t<\/div>\n\t\t\t\t\t<\/div>\n\t\t<\/div>\n\t\t\t\t<div class=\"elementor-column elementor-col-33 elementor-inner-column elementor-element elementor-element-ebc5199\" data-id=\"ebc5199\" data-element_type=\"column\">\n\t\t\t<div class=\"elementor-widget-wrap elementor-element-populated\">\n\t\t\t\t\t\t\t\t<div class=\"elementor-element elementor-element-3cca850 elementor-widget elementor-widget-spacer\" data-id=\"3cca850\" data-element_type=\"widget\" data-widget_type=\"spacer.default\">\n\t\t\t\t<div class=\"elementor-widget-container\">\n\t\t\t\t\t<div class=\"elementor-spacer\">\n\t\t\t<div class=\"elementor-spacer-inner\"><\/div>\n\t\t<\/div>\n\t\t\t\t<\/div>\n\t\t\t\t<\/div>\n\t\t\t\t<div class=\"elementor-element elementor-element-b959e80 elementor-widget elementor-widget-text-editor\" data-id=\"b959e80\" data-element_type=\"widget\" data-widget_type=\"text-editor.default\">\n\t\t\t\t<div class=\"elementor-widget-container\">\n\t\t\t\t\t\t\t<h4><b>\u00c1rea de 5.000 m\u00b2 de produ\u00e7\u00e3o.<\/b><br \/>Capacidade produtiva de 120 mil pe\u00e7as por m\u00eas, <b>total mais de 1,5 milh\u00f5es de pe\u00e7as no ano.<\/b><\/h4><h4>\u00a0<\/h4><h4><b>Setores de atua\u00e7\u00e3o:<br \/><\/b>\u2022 Com\u00e9rcio, servi\u00e7os, terceiriza\u00e7\u00e3o e facilities;<br \/>\u2022 Ind\u00fastria geral e aliment\u00edcia;<br \/>\u2022 Sucroalcooleiro;<br \/>\u2022 Energia;<br \/>\u2022 Constru\u00e7\u00e3o, engenharia e rodovias;<br \/>\u2022 Petrol\u00edfera;<br \/>\u2022 Transportes e etc&#8230;<\/h4><h4><b>\u00a0<\/b><\/h4>\t\t\t\t\t\t<\/div>\n\t\t\t\t<\/div>\n\t\t\t\t\t<\/div>\n\t\t<\/div>\n\t\t\t\t<div class=\"elementor-column elementor-col-33 elementor-inner-column elementor-element elementor-element-481d807\" data-id=\"481d807\" data-element_type=\"column\">\n\t\t\t<div class=\"elementor-widget-wrap elementor-element-populated\">\n\t\t\t\t\t\t\t\t<div class=\"elementor-element elementor-element-c15e8c8 elementor-widget elementor-widget-image\" data-id=\"c15e8c8\" data-element_type=\"widget\" data-widget_type=\"image.default\">\n\t\t\t\t<div class=\"elementor-widget-container\">\n\t\t\t\t\t\t\t\t\t\t\t\t\t\t\t<img loading=\"lazy\" decoding=\"async\" width=\"295\" height=\"500\" src=\"https:\/\/eduforme.com.br\/site\/wp-content\/uploads\/2022\/11\/imagem-04.png\" class=\"attachment-full size-full\" alt=\"\" srcset=\"https:\/\/eduforme.com.br\/site\/wp-content\/uploads\/2022\/11\/imagem-04.png 295w, https:\/\/eduforme.com.br\/site\/wp-content\/uploads\/2022\/11\/imagem-04-177x300.png 177w\" sizes=\"auto, (max-width: 295px) 100vw, 295px\" \/>\t\t\t\t\t\t\t\t\t\t\t\t\t\t\t<\/div>\n\t\t\t\t<\/div>\n\t\t\t\t\t<\/div>\n\t\t<\/div>\n\t\t\t\t\t\t\t<\/div>\n\t\t<\/section>\n\t\t\t\t\t<\/div>\n\t\t<\/div>\n\t\t\t\t\t\t\t<\/div>\n\t\t<\/section>\n\t\t\t\t\t\t\t<\/div>\n\t\t","protected":false},"excerpt":{"rendered":"<p>A EduForme Completamos 34 anos no mercado t\u00eaxtil buscando oferecer as melhores solu\u00e7\u00f5es em uniformes profissionais. A empresa oferece Excel\u00eancia de Servi\u00e7os como:\u2022 Comercializa\u00e7\u00e3o de Uniformes Profissionais;\u2022 Comercializa\u00e7\u00e3o de toda linha de camisetas e blusas;\u2022 Administra\u00e7\u00e3o de estoque de uniformes;\u2022 Estoques consignados de uniformes;\u2022 Destina\u00e7\u00e3o&#8230;<\/p>\n","protected":false},"author":1,"featured_media":0,"parent":0,"menu_order":0,"comment_status":"closed","ping_status":"closed","template":"full_width.php","meta":{"footnotes":""},"class_list":["post-174","page","type-page","status-publish","hentry"],"_links":{"self":[{"href":"https:\/\/eduforme.com.br\/site\/wp-json\/wp\/v2\/pages\/174","targetHints":{"allow":["GET"]}}],"collection":[{"href":"https:\/\/eduforme.com.br\/site\/wp-json\/wp\/v2\/pages"}],"about":[{"href":"https:\/\/eduforme.com.br\/site\/wp-json\/wp\/v2\/types\/page"}],"author":[{"embeddable":true,"href":"https:\/\/eduforme.com.br\/site\/wp-json\/wp\/v2\/users\/1"}],"replies":[{"embeddable":true,"href":"https:\/\/eduforme.com.br\/site\/wp-json\/wp\/v2\/comments?post=174"}],"version-history":[{"count":26,"href":"https:\/\/eduforme.com.br\/site\/wp-json\/wp\/v2\/pages\/174\/revisions"}],"predecessor-version":[{"id":626,"href":"https:\/\/eduforme.com.br\/site\/wp-json\/wp\/v2\/pages\/174\/revisions\/626"}],"wp:attachment":[{"href":"https:\/\/eduforme.com.br\/site\/wp-json\/wp\/v2\/media?parent=174"}],"curies":[{"name":"wp","href":"https:\/\/api.w.org\/{rel}","templated":true}]}}